{"id":993,"date":"2024-07-03T02:02:08","date_gmt":"2024-07-03T02:02:08","guid":{"rendered":"http:\/\/nancolekkerkerker.nl\/?page_id=993"},"modified":"2026-01-06T13:09:25","modified_gmt":"2026-01-06T13:09:25","slug":"saedis-fra-alfsengi","status":"publish","type":"page","link":"https:\/\/nancolekkerkerker.nl\/?page_id=993","title":{"rendered":"Saedis fr\u00e1 \u00c1lfsengi"},"content":{"rendered":"\n<p class=\"has-heading-font-family\"><strong>Saedis (28 mei 1989) werd geboren en hield direkt een belofte in. Het was een dochter van 2 zeer succesvolle ouderdieren, die beiden hun sporen in de sport reeds hadden verdiend. En Saedis leek zich bewust van die afstamming. Vanaf de eerste dag vloog zij met schwung, beweging en ruimte door het weiland.<\/strong><\/p>\n\n\n\n<p class=\"has-heading-font-family\"><strong>Tijdens het beleren bleek dat zij naast haar talent voor gangen ook talent had voor temperament. En dat zij niet altijd even makkelijk was in de omgang. Het bleek een bijzonder paard te zijn.<\/strong><\/p>\n\n\n\n<p class=\"has-heading-font-family\"><strong>Een ervaring om in t\u00f6lt te rijden, maar niet altijd even aangenaam. Als de motor \u00e9\u00e9n keer warm was, sloeg die pas af als je afstapte. Saedis staat sinds 2002 bij Armet Tuijn in Loenen, waar zij gebruikt werd als fokmerrie. Inmiddels is Saedis overleden.<\/strong><\/p>\n\n\n\n<figure class=\"wp-block-gallery has-nested-images columns-default is-cropped wp-block-gallery-1 is-layout-flex wp-block-gallery-is-layout-flex\">\n<figure class=\"wp-block-image size-full\"><img data-recalc-dims=\"1\" loading=\"lazy\" decoding=\"async\" width=\"306\" height=\"216\" data-id=\"3967\" src=\"https:\/\/i0.wp.com\/nancolekkerkerker.nl\/wp-content\/uploads\/2026\/01\/Saedis98-01w1.jpg?resize=306%2C216&#038;ssl=1\" alt=\"\" class=\"wp-image-3967\"\/><\/figure>\n\n\n\n<figure class=\"wp-block-image size-full\"><img data-recalc-dims=\"1\" loading=\"lazy\" decoding=\"async\" width=\"214\" height=\"306\" data-id=\"3614\" src=\"https:\/\/i0.wp.com\/nancolekkerkerker.nl\/wp-content\/uploads\/2025\/12\/SaedisNKw.jpg?resize=214%2C306&#038;ssl=1\" alt=\"\" class=\"wp-image-3614\"\/><\/figure>\n\n\n\n<figure class=\"wp-block-image size-full\"><img data-recalc-dims=\"1\" loading=\"lazy\" decoding=\"async\" width=\"306\" height=\"205\" data-id=\"3969\" src=\"https:\/\/i0.wp.com\/nancolekkerkerker.nl\/wp-content\/uploads\/2026\/01\/Saedis5w1.jpg?resize=306%2C205&#038;ssl=1\" alt=\"\" class=\"wp-image-3969\"\/><\/figure>\n\n\n\n<figure class=\"wp-block-image size-full\"><img data-recalc-dims=\"1\" loading=\"lazy\" decoding=\"async\" width=\"214\" height=\"305\" data-id=\"3612\" src=\"https:\/\/i0.wp.com\/nancolekkerkerker.nl\/wp-content\/uploads\/2025\/12\/Saedisw2.jpg?resize=214%2C305&#038;ssl=1\" alt=\"\" class=\"wp-image-3612\"\/><\/figure>\n\n\n\n<figure class=\"wp-block-image size-full\"><img data-recalc-dims=\"1\" loading=\"lazy\" decoding=\"async\" width=\"214\" height=\"305\" data-id=\"3619\" src=\"https:\/\/i0.wp.com\/nancolekkerkerker.nl\/wp-content\/uploads\/2025\/12\/Saedis3w.jpg?resize=214%2C305&#038;ssl=1\" alt=\"\" class=\"wp-image-3619\"\/><\/figure>\n\n\n\n<figure class=\"wp-block-image size-full\"><img data-recalc-dims=\"1\" loading=\"lazy\" decoding=\"async\" width=\"306\" height=\"207\" data-id=\"3620\" src=\"https:\/\/i0.wp.com\/nancolekkerkerker.nl\/wp-content\/uploads\/2025\/12\/Saedis1w.jpg?resize=306%2C207&#038;ssl=1\" alt=\"\" class=\"wp-image-3620\"\/><\/figure>\n\n\n\n<figure class=\"wp-block-image size-full\"><img data-recalc-dims=\"1\" loading=\"lazy\" decoding=\"async\" width=\"214\" height=\"150\" data-id=\"3610\" src=\"https:\/\/i0.wp.com\/nancolekkerkerker.nl\/wp-content\/uploads\/2025\/12\/Saedis4w.jpg?resize=214%2C150&#038;ssl=1\" alt=\"\" class=\"wp-image-3610\"\/><\/figure>\n\n\n\n<figure class=\"wp-block-image size-full\"><img data-recalc-dims=\"1\" loading=\"lazy\" decoding=\"async\" width=\"214\" height=\"146\" data-id=\"3618\" src=\"https:\/\/i0.wp.com\/nancolekkerkerker.nl\/wp-content\/uploads\/2025\/12\/Saedis2w.jpg?resize=214%2C146&#038;ssl=1\" alt=\"\" class=\"wp-image-3618\"\/><\/figure>\n\n\n\n<figure class=\"wp-block-image size-full\"><img data-recalc-dims=\"1\" loading=\"lazy\" decoding=\"async\" width=\"214\" height=\"145\" data-id=\"3609\" src=\"https:\/\/i0.wp.com\/nancolekkerkerker.nl\/wp-content\/uploads\/2025\/12\/Hullen01w.jpg?resize=214%2C145&#038;ssl=1\" alt=\"\" class=\"wp-image-3609\"\/><\/figure>\n<\/figure>\n\n\n\n<p class=\"has-heading-font-family\"><strong>Vader: Selur fr\u00e1 Aldenghoor \/ Moeder: Eva from Rickerton<\/strong><\/p>\n\n\n\n<ul class=\"wp-block-list\">\n<li class=\"has-heading-font-family\"><strong>Nakomelingen:<\/strong>\n<ul class=\"wp-block-list\">\n<li class=\"has-heading-font-family\"><strong>Framganga fr\u00e1 \u00c1lfsengi<\/strong><\/li>\n\n\n\n<li><a href=\"https:\/\/nancolekkerkerker.nl\/?page_id=982\" data-type=\"page\" data-id=\"982\"><strong>Svartafru\u00edn fr\u00e1 Kr\u00fanu<\/strong><\/a><\/li>\n<\/ul>\n<\/li>\n<\/ul>\n\n\n\n<ul class=\"wp-block-list\">\n<li class=\"has-heading-font-family\"><strong>Prijzen<\/strong>:\n<ul class=\"wp-block-list\">\n<li><strong>NK Oirschot 1999 &#8211; T3 : 1e plaats<\/strong><\/li>\n<\/ul>\n<\/li>\n<\/ul>\n\n\n\n<div class=\"wp-block-buttons is-content-justification-center is-layout-flex wp-container-core-buttons-is-layout-a89b3969 wp-block-buttons-is-layout-flex\">\n<div class=\"wp-block-button\"><a class=\"wp-block-button__link wp-element-button\" href=\"https:\/\/nancolekkerkerker.nl\">Naar homepage<\/a><\/div>\n<\/div>\n","protected":false},"excerpt":{"rendered":"<p>Saedis (28 mei 1989) werd geboren en hield direkt een belofte in. Het was een dochter van 2 zeer succesvolle ouderdieren, die beiden hun sporen in de sport reeds hadden verdiend. En Saedis leek zich bewust van die afstamming. Vanaf de eerste dag vloog zij met schwung, beweging en ruimte door het weiland. Tijdens het [&hellip;]<\/p>\n","protected":false},"author":1,"featured_media":3615,"parent":0,"menu_order":0,"comment_status":"closed","ping_status":"closed","template":"","meta":{"footnotes":""},"class_list":["post-993","page","type-page","status-publish","has-post-thumbnail","hentry"],"jetpack_sharing_enabled":true,"jetpack-related-posts":[],"_links":{"self":[{"href":"https:\/\/nancolekkerkerker.nl\/index.php?rest_route=\/wp\/v2\/pages\/993","targetHints":{"allow":["GET"]}}],"collection":[{"href":"https:\/\/nancolekkerkerker.nl\/index.php?rest_route=\/wp\/v2\/pages"}],"about":[{"href":"https:\/\/nancolekkerkerker.nl\/index.php?rest_route=\/wp\/v2\/types\/page"}],"author":[{"embeddable":true,"href":"https:\/\/nancolekkerkerker.nl\/index.php?rest_route=\/wp\/v2\/users\/1"}],"replies":[{"embeddable":true,"href":"https:\/\/nancolekkerkerker.nl\/index.php?rest_route=%2Fwp%2Fv2%2Fcomments&post=993"}],"version-history":[{"count":14,"href":"https:\/\/nancolekkerkerker.nl\/index.php?rest_route=\/wp\/v2\/pages\/993\/revisions"}],"predecessor-version":[{"id":3970,"href":"https:\/\/nancolekkerkerker.nl\/index.php?rest_route=\/wp\/v2\/pages\/993\/revisions\/3970"}],"wp:featuredmedia":[{"embeddable":true,"href":"https:\/\/nancolekkerkerker.nl\/index.php?rest_route=\/wp\/v2\/media\/3615"}],"wp:attachment":[{"href":"https:\/\/nancolekkerkerker.nl\/index.php?rest_route=%2Fwp%2Fv2%2Fmedia&parent=993"}],"curies":[{"name":"wp","href":"https:\/\/api.w.org\/{rel}","templated":true}]}}