{"id":991,"date":"2024-07-03T01:49:57","date_gmt":"2024-07-03T01:49:57","guid":{"rendered":"http:\/\/nancolekkerkerker.nl\/?page_id=991"},"modified":"2025-12-23T10:30:27","modified_gmt":"2025-12-23T10:30:27","slug":"stufur-fra-krunu","status":"publish","type":"page","link":"https:\/\/nancolekkerkerker.nl\/?page_id=991","title":{"rendered":"St\u00fafur fr\u00e1 Kr\u00fanu"},"content":{"rendered":"\n<p class=\"has-heading-font-family\"><strong>St\u00fafur (5 juli 2001) heeft zijn vijf gangen overduidelijk meegekregen van zijn moeder. Ook is in zijn karakter veel terug te vinden van Hatta. Enerzijds het aanhankelijke maar gelijktijdig een enigszins afstandelijke houding is duidelijk herkenbaar.<\/strong><\/p>\n\n\n\n<figure class=\"wp-block-image size-full\"><img data-recalc-dims=\"1\" loading=\"lazy\" decoding=\"async\" width=\"700\" height=\"467\" src=\"https:\/\/i0.wp.com\/nancolekkerkerker.nl\/wp-content\/uploads\/2025\/12\/Stufur_Bormen_2007w.jpg?resize=700%2C467&#038;ssl=1\" alt=\"\" class=\"wp-image-3586\" srcset=\"https:\/\/i0.wp.com\/nancolekkerkerker.nl\/wp-content\/uploads\/2025\/12\/Stufur_Bormen_2007w.jpg?w=700&amp;ssl=1 700w, https:\/\/i0.wp.com\/nancolekkerkerker.nl\/wp-content\/uploads\/2025\/12\/Stufur_Bormen_2007w.jpg?resize=600%2C400&amp;ssl=1 600w\" sizes=\"auto, (max-width: 700px) 100vw, 700px\" \/><\/figure>\n\n\n\n<p class=\"has-heading-font-family\"><strong>In de zomer van 2005 is St\u00fafur&nbsp; ingereden. Hij is een mooi paard, St\u00fafur is niet heel groot, maar toont onder het zadel veel oprichting. Hiernaast is het ook een dapper paard, eigenlijk durft hij de hele wereld wel aan. Hij is niet gauw onder de indruk van alles wat er om hem heen gebeurd, alhoewel hij ook wel beticht kan worden van enig ongeduld en wat apestreken.<\/strong><\/p>\n\n\n\n<p class=\"has-heading-font-family\"><strong>Vader: Topar fr\u00e1 Sandh\u00f3larferju \/ Moeder: <a href=\"Hatta.htm\">Hatta von Hochwaldhof<\/a><\/strong><\/p>\n\n\n\n<ul class=\"wp-block-list\">\n<li class=\"has-heading-font-family\"><strong>Resultaten:<\/strong>\n<ul class=\"wp-block-list\">\n<li class=\"has-heading-font-family\"><strong>Exloo International 2006<\/strong>\n<ul class=\"wp-block-list\">\n<li><strong>(T8 &amp; V5 &#8211; Myrte van Kamp)<\/strong><\/li>\n<\/ul>\n<\/li>\n\n\n\n<li class=\"has-heading-font-family\"><strong>Spier International 2006 &amp; 2007 &#8211; Nanco<\/strong>\n<ul class=\"wp-block-list\">\n<li><strong>1e plaats F3 &#8211; 5,23<\/strong><\/li>\n<\/ul>\n<\/li>\n<\/ul>\n<\/li>\n<\/ul>\n\n\n\n<p class=\"has-heading-font-family\"><strong>St\u00fafur is ook internationaal uitgebracht, en wel in Bornem en Wickrath 2007. Hij wordt inmiddels uitgebracht in vijfgangen F2. Opvallend is zijn wil om te rennen. Hij heeft plezier in het racen. St\u00fafur is in maart 2008 verkocht naar Duitsland. Wij wensen zijn nieuwe bazin Constanze Abraham en St\u00fafur veel plezier samen voor de toekomst.<\/strong><\/p>\n\n\n\n<p class=\"has-heading-font-family\"><strong>Nog een paar foto&#8217;s van de eerste maanden<\/strong><\/p>\n\n\n\n<figure class=\"wp-block-gallery has-nested-images columns-default is-cropped wp-block-gallery-1 is-layout-flex wp-block-gallery-is-layout-flex\">\n<figure class=\"wp-block-image size-full\"><img data-recalc-dims=\"1\" loading=\"lazy\" decoding=\"async\" width=\"260\" height=\"178\" data-id=\"3594\" src=\"https:\/\/i0.wp.com\/nancolekkerkerker.nl\/wp-content\/uploads\/2025\/12\/Stufur2001-1w.jpg?resize=260%2C178&#038;ssl=1\" alt=\"\" class=\"wp-image-3594\"\/><\/figure>\n\n\n\n<figure class=\"wp-block-image size-full\"><img data-recalc-dims=\"1\" loading=\"lazy\" decoding=\"async\" width=\"260\" height=\"176\" data-id=\"3593\" src=\"https:\/\/i0.wp.com\/nancolekkerkerker.nl\/wp-content\/uploads\/2025\/12\/Stufur2001w.jpg?resize=260%2C176&#038;ssl=1\" alt=\"\" class=\"wp-image-3593\"\/><\/figure>\n<\/figure>\n\n\n\n<figure class=\"wp-block-gallery has-nested-images columns-default is-cropped wp-block-gallery-2 is-layout-flex wp-block-gallery-is-layout-flex\">\n<figure class=\"wp-block-image size-full\"><img data-recalc-dims=\"1\" loading=\"lazy\" decoding=\"async\" width=\"336\" height=\"415\" data-id=\"3584\" src=\"https:\/\/i0.wp.com\/nancolekkerkerker.nl\/wp-content\/uploads\/2025\/12\/Stufur-paar-maandenw.jpg?resize=336%2C415&#038;ssl=1\" alt=\"\" class=\"wp-image-3584\"\/><\/figure>\n\n\n\n<figure class=\"wp-block-image size-large\"><img data-recalc-dims=\"1\" loading=\"lazy\" decoding=\"async\" width=\"433\" height=\"403\" data-id=\"369\" src=\"https:\/\/i0.wp.com\/nancolekkerkerker.nl\/wp-content\/uploads\/2024\/05\/Stufur-1e-zomer.jpg?resize=433%2C403&#038;ssl=1\" alt=\"\" class=\"wp-image-369\"\/><\/figure>\n<\/figure>\n\n\n\n<p>En wat plaatjes van door de jaren heen &#8230;<\/p>\n\n\n\n<figure class=\"wp-block-gallery has-nested-images columns-default is-cropped wp-block-gallery-3 is-layout-flex wp-block-gallery-is-layout-flex\">\n<figure class=\"wp-block-image size-full\"><img data-recalc-dims=\"1\" loading=\"lazy\" decoding=\"async\" width=\"437\" height=\"293\" data-id=\"3603\" src=\"https:\/\/i0.wp.com\/nancolekkerkerker.nl\/wp-content\/uploads\/2025\/12\/Zoef0207w2.jpg?resize=437%2C293&#038;ssl=1\" alt=\"\" class=\"wp-image-3603\"\/><\/figure>\n\n\n\n<figure class=\"wp-block-image size-full\"><img data-recalc-dims=\"1\" loading=\"lazy\" decoding=\"async\" width=\"214\" height=\"143\" data-id=\"3598\" src=\"https:\/\/i0.wp.com\/nancolekkerkerker.nl\/wp-content\/uploads\/2025\/12\/Zoef_Auto_Tentw2.jpg?resize=214%2C143&#038;ssl=1\" alt=\"\" class=\"wp-image-3598\"\/><\/figure>\n\n\n\n<figure class=\"wp-block-image size-full\"><img data-recalc-dims=\"1\" loading=\"lazy\" decoding=\"async\" width=\"260\" height=\"356\" data-id=\"3596\" src=\"https:\/\/i0.wp.com\/nancolekkerkerker.nl\/wp-content\/uploads\/2025\/12\/Stufur-kopw.jpg?resize=260%2C356&#038;ssl=1\" alt=\"\" class=\"wp-image-3596\"\/><\/figure>\n\n\n\n<figure class=\"wp-block-image size-full\"><img data-recalc-dims=\"1\" loading=\"lazy\" decoding=\"async\" width=\"260\" height=\"347\" data-id=\"3595\" src=\"https:\/\/i0.wp.com\/nancolekkerkerker.nl\/wp-content\/uploads\/2025\/12\/Stufur-261204w.jpg?resize=260%2C347&#038;ssl=1\" alt=\"\" class=\"wp-image-3595\"\/><\/figure>\n<\/figure>\n\n\n\n<div class=\"wp-block-buttons is-content-justification-center is-layout-flex wp-container-core-buttons-is-layout-a89b3969 wp-block-buttons-is-layout-flex\">\n<div class=\"wp-block-button\"><a class=\"wp-block-button__link wp-element-button\" href=\"https:\/\/nancolekkerkerker.nl\">Naar homepage<\/a><\/div>\n<\/div>\n","protected":false},"excerpt":{"rendered":"<p>St\u00fafur (5 juli 2001) heeft zijn vijf gangen overduidelijk meegekregen van zijn moeder. Ook is in zijn karakter veel terug te vinden van Hatta. Enerzijds het aanhankelijke maar gelijktijdig een enigszins afstandelijke houding is duidelijk herkenbaar. In de zomer van 2005 is St\u00fafur&nbsp; ingereden. Hij is een mooi paard, St\u00fafur is niet heel groot, maar [&hellip;]<\/p>\n","protected":false},"author":1,"featured_media":3583,"parent":0,"menu_order":0,"comment_status":"closed","ping_status":"closed","template":"","meta":{"footnotes":""},"class_list":["post-991","page","type-page","status-publish","has-post-thumbnail","hentry"],"jetpack_sharing_enabled":true,"jetpack-related-posts":[],"_links":{"self":[{"href":"https:\/\/nancolekkerkerker.nl\/index.php?rest_route=\/wp\/v2\/pages\/991","targetHints":{"allow":["GET"]}}],"collection":[{"href":"https:\/\/nancolekkerkerker.nl\/index.php?rest_route=\/wp\/v2\/pages"}],"about":[{"href":"https:\/\/nancolekkerkerker.nl\/index.php?rest_route=\/wp\/v2\/types\/page"}],"author":[{"embeddable":true,"href":"https:\/\/nancolekkerkerker.nl\/index.php?rest_route=\/wp\/v2\/users\/1"}],"replies":[{"embeddable":true,"href":"https:\/\/nancolekkerkerker.nl\/index.php?rest_route=%2Fwp%2Fv2%2Fcomments&post=991"}],"version-history":[{"count":15,"href":"https:\/\/nancolekkerkerker.nl\/index.php?rest_route=\/wp\/v2\/pages\/991\/revisions"}],"predecessor-version":[{"id":3607,"href":"https:\/\/nancolekkerkerker.nl\/index.php?rest_route=\/wp\/v2\/pages\/991\/revisions\/3607"}],"wp:featuredmedia":[{"embeddable":true,"href":"https:\/\/nancolekkerkerker.nl\/index.php?rest_route=\/wp\/v2\/media\/3583"}],"wp:attachment":[{"href":"https:\/\/nancolekkerkerker.nl\/index.php?rest_route=%2Fwp%2Fv2%2Fmedia&parent=991"}],"curies":[{"name":"wp","href":"https:\/\/api.w.org\/{rel}","templated":true}]}}