{"id":982,"date":"2024-07-04T03:05:34","date_gmt":"2024-07-04T03:05:34","guid":{"rendered":"http:\/\/nancolekkerkerker.nl\/?page_id=982"},"modified":"2025-12-23T14:14:23","modified_gmt":"2025-12-23T14:14:23","slug":"svartafruin","status":"publish","type":"page","link":"https:\/\/nancolekkerkerker.nl\/?page_id=982","title":{"rendered":"Svartafru\u00edn fr\u00e1 Kr\u00fanu"},"content":{"rendered":"\n<p class=\"has-heading-font-family\"><strong>Svartafru\u00edn fr\u00e1 Kr\u00fanu (5 mei 1996) is een vriendelijke, betrouwbare merrie met veel looplust. Ze heeft 4 duidelijk onderscheiden gangen. Telgang is nooit doorgereden. In mei 2005 verkocht aan Liesbeth Jense.<\/strong><\/p>\n\n\n\n<p class=\"has-heading-font-family\"><strong>Vader: \u00deokki fr\u00e1 K\u00edlhrauni \/ Moeder: <a href=\"https:\/\/nancolekkerkerker.nl\/?page_id=993\" data-type=\"page\" data-id=\"993\">Saedis fr\u00e1 \u00c1lfsengi<\/a><\/strong><\/p>\n\n\n\n<ul class=\"wp-block-list has-heading-font-family\">\n<li><strong>Nakomelingen :<\/strong>\n<ul class=\"wp-block-list\">\n<li class=\"has-heading-font-family\"><a href=\"https:\/\/nancolekkerkerker.nl\/?page_id=951\" data-type=\"page\" data-id=\"951\"><strong>Fostri fr\u00e1 Kr\u00fanu<\/strong><\/a><\/li>\n\n\n\n<li><a href=\"https:\/\/nancolekkerkerker.nl\/?page_id=939\" data-type=\"page\" data-id=\"939\"><strong>\u00c1sti van de Broekstreek<\/strong><\/a><\/li>\n<\/ul>\n<\/li>\n<\/ul>\n\n\n\n<ul class=\"wp-block-list has-heading-font-family\">\n<li><strong>Resultaten :<\/strong>\n<ul class=\"wp-block-list\">\n<li><strong>Top Tien 2001 T4 &#8211; 6,60 pt<\/strong><\/li>\n\n\n\n<li><strong>Oirschot 2001 T4 &#8211; 1e plaats<\/strong><\/li>\n<\/ul>\n<\/li>\n<\/ul>\n\n\n\n<figure class=\"wp-block-gallery has-nested-images columns-default is-cropped wp-block-gallery-1 is-layout-flex wp-block-gallery-is-layout-flex\">\n<figure class=\"wp-block-image size-full\"><img data-recalc-dims=\"1\" loading=\"lazy\" decoding=\"async\" width=\"289\" height=\"197\" data-id=\"3623\" src=\"https:\/\/i0.wp.com\/nancolekkerkerker.nl\/wp-content\/uploads\/2025\/12\/Svarta0696-5w3.jpg?resize=289%2C197&#038;ssl=1\" alt=\"\" class=\"wp-image-3623\"\/><\/figure>\n\n\n\n<figure class=\"wp-block-image size-full\"><img data-recalc-dims=\"1\" loading=\"lazy\" decoding=\"async\" width=\"214\" height=\"321\" data-id=\"3641\" src=\"https:\/\/i0.wp.com\/nancolekkerkerker.nl\/wp-content\/uploads\/2025\/12\/Svarta0696-4w.jpg?resize=214%2C321&#038;ssl=1\" alt=\"\" class=\"wp-image-3641\"\/><\/figure>\n\n\n\n<figure class=\"wp-block-image size-full\"><img data-recalc-dims=\"1\" loading=\"lazy\" decoding=\"async\" width=\"421\" height=\"285\" data-id=\"3626\" src=\"https:\/\/i0.wp.com\/nancolekkerkerker.nl\/wp-content\/uploads\/2025\/12\/Svarta0697-4w.jpg?resize=421%2C285&#038;ssl=1\" alt=\"\" class=\"wp-image-3626\"\/><\/figure>\n\n\n\n<figure class=\"wp-block-image size-full\"><img data-recalc-dims=\"1\" loading=\"lazy\" decoding=\"async\" width=\"285\" height=\"213\" data-id=\"3625\" src=\"https:\/\/i0.wp.com\/nancolekkerkerker.nl\/wp-content\/uploads\/2025\/12\/Svartafruin-2-jaar-1w.jpg?resize=285%2C213&#038;ssl=1\" alt=\"\" class=\"wp-image-3625\"\/><\/figure>\n\n\n\n<figure class=\"wp-block-image size-full\"><img data-recalc-dims=\"1\" loading=\"lazy\" decoding=\"async\" width=\"475\" height=\"285\" data-id=\"3631\" src=\"https:\/\/i0.wp.com\/nancolekkerkerker.nl\/wp-content\/uploads\/2025\/12\/Svartafruin-gestrektw.jpg?resize=475%2C285&#038;ssl=1\" alt=\"\" class=\"wp-image-3631\"\/><\/figure>\n<\/figure>\n\n\n\n<figure class=\"wp-block-gallery has-nested-images columns-default is-cropped wp-block-gallery-2 is-layout-flex wp-block-gallery-is-layout-flex\">\n<figure class=\"wp-block-image size-full\"><img data-recalc-dims=\"1\" loading=\"lazy\" decoding=\"async\" width=\"214\" height=\"197\" data-id=\"3624\" src=\"https:\/\/i0.wp.com\/nancolekkerkerker.nl\/wp-content\/uploads\/2025\/12\/Svartafruin-4-jaar-1w.jpg?resize=214%2C197&#038;ssl=1\" alt=\"\" class=\"wp-image-3624\"\/><\/figure>\n\n\n\n<figure class=\"wp-block-image size-full\"><img data-recalc-dims=\"1\" loading=\"lazy\" decoding=\"async\" width=\"214\" height=\"285\" data-id=\"3628\" src=\"https:\/\/i0.wp.com\/nancolekkerkerker.nl\/wp-content\/uploads\/2025\/12\/Svarta-fruin-02w.jpg?resize=214%2C285&#038;ssl=1\" alt=\"\" class=\"wp-image-3628\"\/><\/figure>\n<\/figure>\n\n\n\n<figure class=\"wp-block-image aligncenter size-full\"><img data-recalc-dims=\"1\" loading=\"lazy\" decoding=\"async\" width=\"244\" height=\"360\" src=\"https:\/\/i0.wp.com\/nancolekkerkerker.nl\/wp-content\/uploads\/2025\/12\/Svarta2w.jpg?resize=244%2C360&#038;ssl=1\" alt=\"\" class=\"wp-image-3633\"\/><\/figure>\n\n\n\n<div class=\"wp-block-buttons is-content-justification-center is-layout-flex wp-container-core-buttons-is-layout-a89b3969 wp-block-buttons-is-layout-flex\">\n<div class=\"wp-block-button\"><a class=\"wp-block-button__link wp-element-button\" href=\"http:\/\/NancoLekkerkerker.nl\">Naar homepage<\/a><\/div>\n<\/div>\n","protected":false},"excerpt":{"rendered":"<p>Svartafru\u00edn fr\u00e1 Kr\u00fanu (5 mei 1996) is een vriendelijke, betrouwbare merrie met veel looplust. Ze heeft 4 duidelijk onderscheiden gangen. Telgang is nooit doorgereden. In mei 2005 verkocht aan Liesbeth Jense. Vader: \u00deokki fr\u00e1 K\u00edlhrauni \/ Moeder: Saedis fr\u00e1 \u00c1lfsengi<\/p>\n","protected":false},"author":1,"featured_media":3622,"parent":0,"menu_order":0,"comment_status":"closed","ping_status":"closed","template":"","meta":{"footnotes":""},"class_list":["post-982","page","type-page","status-publish","has-post-thumbnail","hentry"],"jetpack_sharing_enabled":true,"jetpack-related-posts":[],"_links":{"self":[{"href":"https:\/\/nancolekkerkerker.nl\/index.php?rest_route=\/wp\/v2\/pages\/982","targetHints":{"allow":["GET"]}}],"collection":[{"href":"https:\/\/nancolekkerkerker.nl\/index.php?rest_route=\/wp\/v2\/pages"}],"about":[{"href":"https:\/\/nancolekkerkerker.nl\/index.php?rest_route=\/wp\/v2\/types\/page"}],"author":[{"embeddable":true,"href":"https:\/\/nancolekkerkerker.nl\/index.php?rest_route=\/wp\/v2\/users\/1"}],"replies":[{"embeddable":true,"href":"https:\/\/nancolekkerkerker.nl\/index.php?rest_route=%2Fwp%2Fv2%2Fcomments&post=982"}],"version-history":[{"count":16,"href":"https:\/\/nancolekkerkerker.nl\/index.php?rest_route=\/wp\/v2\/pages\/982\/revisions"}],"predecessor-version":[{"id":3642,"href":"https:\/\/nancolekkerkerker.nl\/index.php?rest_route=\/wp\/v2\/pages\/982\/revisions\/3642"}],"wp:featuredmedia":[{"embeddable":true,"href":"https:\/\/nancolekkerkerker.nl\/index.php?rest_route=\/wp\/v2\/media\/3622"}],"wp:attachment":[{"href":"https:\/\/nancolekkerkerker.nl\/index.php?rest_route=%2Fwp%2Fv2%2Fmedia&parent=982"}],"curies":[{"name":"wp","href":"https:\/\/api.w.org\/{rel}","templated":true}]}}