{"id":944,"date":"2024-07-03T01:37:43","date_gmt":"2024-07-03T01:37:43","guid":{"rendered":"http:\/\/nancolekkerkerker.nl\/?page_id=944"},"modified":"2026-01-06T12:46:42","modified_gmt":"2026-01-06T12:46:42","slug":"hjarrandi-fra-troldemose","status":"publish","type":"page","link":"https:\/\/nancolekkerkerker.nl\/?page_id=944","title":{"rendered":"Hjarrandi fr\u00e1 Troldemose"},"content":{"rendered":"\n<p class=\"has-heading-font-family\"><strong>Hjarrandi (1984) is gefokt door Cees en Mieke Hartveld. Een veelbelovende, temperatmentvolle ruin van Hemingur fr\u00e1 Vestri-Gar<a href=\"eldur.htm\">\u00f0<\/a>sauka.<\/strong><\/p>\n\n\n\n<figure class=\"wp-block-gallery has-nested-images columns-default is-cropped wp-block-gallery-1 is-layout-flex wp-block-gallery-is-layout-flex\">\n<figure class=\"wp-block-image size-full\"><img data-recalc-dims=\"1\" loading=\"lazy\" decoding=\"async\" width=\"490\" height=\"332\" data-id=\"3963\" src=\"https:\/\/i0.wp.com\/nancolekkerkerker.nl\/wp-content\/uploads\/2026\/01\/Hjarrandi1w1.jpg?resize=490%2C332&#038;ssl=1\" alt=\"\" class=\"wp-image-3963\"\/><\/figure>\n\n\n\n<figure class=\"wp-block-image size-full\"><img data-recalc-dims=\"1\" loading=\"lazy\" decoding=\"async\" width=\"336\" height=\"491\" data-id=\"3460\" src=\"https:\/\/i0.wp.com\/nancolekkerkerker.nl\/wp-content\/uploads\/2025\/12\/Hjarrandiw.jpg?resize=336%2C491&#038;ssl=1\" alt=\"\" class=\"wp-image-3460\"\/><\/figure>\n<\/figure>\n\n\n\n<p class=\"has-heading-font-family\"><strong>Vader : Hemingur fr\u00e1 Vestri-Gar<a href=\"eldur.htm\">\u00f0<\/a>sauka \/ Moeder : Vinda<\/strong><\/p>\n\n\n\n<div class=\"wp-block-buttons is-content-justification-center is-layout-flex wp-container-core-buttons-is-layout-a89b3969 wp-block-buttons-is-layout-flex\">\n<div class=\"wp-block-button\"><a class=\"wp-block-button__link wp-element-button\" href=\"https:\/\/nancolekkerkerker.nl\">Naar homepage<\/a><\/div>\n<\/div>\n","protected":false},"excerpt":{"rendered":"<p>Hjarrandi (1984) is gefokt door Cees en Mieke Hartveld. Een veelbelovende, temperatmentvolle ruin van Hemingur fr\u00e1 Vestri-Gar\u00f0sauka. Vader : Hemingur fr\u00e1 Vestri-Gar\u00f0sauka \/ Moeder : Vinda<\/p>\n","protected":false},"author":1,"featured_media":0,"parent":0,"menu_order":0,"comment_status":"closed","ping_status":"closed","template":"","meta":{"footnotes":""},"class_list":["post-944","page","type-page","status-publish","hentry"],"jetpack_sharing_enabled":true,"jetpack-related-posts":[],"_links":{"self":[{"href":"https:\/\/nancolekkerkerker.nl\/index.php?rest_route=\/wp\/v2\/pages\/944","targetHints":{"allow":["GET"]}}],"collection":[{"href":"https:\/\/nancolekkerkerker.nl\/index.php?rest_route=\/wp\/v2\/pages"}],"about":[{"href":"https:\/\/nancolekkerkerker.nl\/index.php?rest_route=\/wp\/v2\/types\/page"}],"author":[{"embeddable":true,"href":"https:\/\/nancolekkerkerker.nl\/index.php?rest_route=\/wp\/v2\/users\/1"}],"replies":[{"embeddable":true,"href":"https:\/\/nancolekkerkerker.nl\/index.php?rest_route=%2Fwp%2Fv2%2Fcomments&post=944"}],"version-history":[{"count":8,"href":"https:\/\/nancolekkerkerker.nl\/index.php?rest_route=\/wp\/v2\/pages\/944\/revisions"}],"predecessor-version":[{"id":3964,"href":"https:\/\/nancolekkerkerker.nl\/index.php?rest_route=\/wp\/v2\/pages\/944\/revisions\/3964"}],"wp:attachment":[{"href":"https:\/\/nancolekkerkerker.nl\/index.php?rest_route=%2Fwp%2Fv2%2Fmedia&parent=944"}],"curies":[{"name":"wp","href":"https:\/\/api.w.org\/{rel}","templated":true}]}}