{"id":888,"date":"2024-06-14T02:56:15","date_gmt":"2024-06-14T02:56:15","guid":{"rendered":"http:\/\/nancolekkerkerker.nl\/?page_id=888"},"modified":"2026-01-06T12:51:43","modified_gmt":"2026-01-06T12:51:43","slug":"katli","status":"publish","type":"page","link":"https:\/\/nancolekkerkerker.nl\/?page_id=888","title":{"rendered":"Katli fr\u00e1 Sm\u00e1husum"},"content":{"rendered":"\n<p class=\"has-heading-font-family\"><strong>Katli fr\u00e1 Sm\u00e1husum (2001) is een veelbelovende ruin met onderscheiden gangen. Hij is in de zomer van 2005 door ons ingereden. Het is een aansprekend paard dat voor je door het vuur gaat, zodra hij zijn vertrouwen gegeven heeft. Katli is een vierganger-ruin met een goede stap, ruime draf en een goed gesprongen galop. Hij beschikt over meerdere tempo&#8217;s in t\u00f6lt.<\/strong><\/p>\n\n\n\n<p class=\"has-heading-font-family\"><strong>Katli is een fokprodukt van Annemarie Lub en Johan Wempe. Katli is in mei 2007 verkocht aan Annemiek Schulten. Wij hopen dat zij net zo veel plezier met Katli beleeft, als Franka dat de afgelopen maanden heeft gehad.<\/strong><\/p>\n\n\n\n<p class=\"has-heading-font-family\"><strong>Vader : St\u00f6kull fr\u00e1 Feti \/ Moeder : K\u00e1tina fr\u00e1 Efra-N\u00fapi<\/strong><\/p>\n\n\n\n<ul class=\"wp-block-list has-heading-font-family\">\n<li><strong>Resultaten :<\/strong>\n<ul class=\"wp-block-list\">\n<li><strong>2e plaats V3 Spier international 2006 : Franka<\/strong><\/li>\n\n\n\n<li><strong>9e plaats V3 Langegracht 2006 : Franka<\/strong><\/li>\n<\/ul>\n<\/li>\n<\/ul>\n\n\n\n<figure class=\"wp-block-gallery has-nested-images columns-default is-cropped wp-block-gallery-1 is-layout-flex wp-block-gallery-is-layout-flex\">\n<figure class=\"wp-block-image size-full\"><img data-recalc-dims=\"1\" loading=\"lazy\" decoding=\"async\" width=\"336\" height=\"502\" data-id=\"3644\" src=\"https:\/\/i0.wp.com\/nancolekkerkerker.nl\/wp-content\/uploads\/2025\/12\/FX12304w.jpg?resize=336%2C502&#038;ssl=1\" alt=\"\" class=\"wp-image-3644\"\/><\/figure>\n\n\n\n<figure class=\"wp-block-image size-full\"><img data-recalc-dims=\"1\" loading=\"lazy\" decoding=\"async\" width=\"451\" height=\"336\" data-id=\"3965\" src=\"https:\/\/i0.wp.com\/nancolekkerkerker.nl\/wp-content\/uploads\/2026\/01\/KatliFrankaThuisw3.jpg?resize=451%2C336&#038;ssl=1\" alt=\"\" class=\"wp-image-3965\"\/><\/figure>\n<\/figure>\n\n\n\n<figure class=\"wp-block-gallery has-nested-images columns-default is-cropped wp-block-gallery-2 is-layout-flex wp-block-gallery-is-layout-flex\">\n<figure class=\"wp-block-image size-large\"><img data-recalc-dims=\"1\" loading=\"lazy\" decoding=\"async\" width=\"241\" height=\"360\" data-id=\"3650\" src=\"https:\/\/i0.wp.com\/nancolekkerkerker.nl\/wp-content\/uploads\/2025\/12\/FX12303w.jpg?resize=241%2C360&#038;ssl=1\" alt=\"\" class=\"wp-image-3650\"\/><\/figure>\n\n\n\n<figure class=\"wp-block-image size-large\"><img data-recalc-dims=\"1\" loading=\"lazy\" decoding=\"async\" width=\"241\" height=\"360\" data-id=\"3649\" src=\"https:\/\/i0.wp.com\/nancolekkerkerker.nl\/wp-content\/uploads\/2025\/12\/FX12237w.jpg?resize=241%2C360&#038;ssl=1\" alt=\"\" class=\"wp-image-3649\"\/><\/figure>\n\n\n\n<figure class=\"wp-block-image size-large\"><img data-recalc-dims=\"1\" loading=\"lazy\" decoding=\"async\" width=\"241\" height=\"360\" data-id=\"3648\" src=\"https:\/\/i0.wp.com\/nancolekkerkerker.nl\/wp-content\/uploads\/2025\/12\/FX12193w.jpg?resize=241%2C360&#038;ssl=1\" alt=\"\" class=\"wp-image-3648\"\/><\/figure>\n<\/figure>\n\n\n\n<figure class=\"wp-block-image aligncenter size-full is-resized\"><img data-recalc-dims=\"1\" loading=\"lazy\" decoding=\"async\" width=\"478\" height=\"318\" src=\"https:\/\/i0.wp.com\/nancolekkerkerker.nl\/wp-content\/uploads\/2025\/12\/franka-katli1w2.jpg?resize=478%2C318&#038;ssl=1\" alt=\"\" class=\"wp-image-3647\" style=\"width:478px;height:auto\"\/><\/figure>\n\n\n\n<div class=\"wp-block-buttons is-content-justification-center is-layout-flex wp-container-core-buttons-is-layout-a89b3969 wp-block-buttons-is-layout-flex\">\n<div class=\"wp-block-button\"><a class=\"wp-block-button__link wp-element-button\" href=\"https:\/\/nancolekkerkerker.nl\">Naar homepage<\/a><\/div>\n<\/div>\n","protected":false},"excerpt":{"rendered":"<p>Katli fr\u00e1 Sm\u00e1husum (2001) is een veelbelovende ruin met onderscheiden gangen. Hij is in de zomer van 2005 door ons ingereden. Het is een aansprekend paard dat voor je door het vuur gaat, zodra hij zijn vertrouwen gegeven heeft. Katli is een vierganger-ruin met een goede stap, ruime draf en een goed gesprongen galop. Hij [&hellip;]<\/p>\n","protected":false},"author":1,"featured_media":0,"parent":0,"menu_order":0,"comment_status":"closed","ping_status":"closed","template":"","meta":{"footnotes":""},"class_list":["post-888","page","type-page","status-publish","hentry"],"jetpack_sharing_enabled":true,"jetpack-related-posts":[],"_links":{"self":[{"href":"https:\/\/nancolekkerkerker.nl\/index.php?rest_route=\/wp\/v2\/pages\/888","targetHints":{"allow":["GET"]}}],"collection":[{"href":"https:\/\/nancolekkerkerker.nl\/index.php?rest_route=\/wp\/v2\/pages"}],"about":[{"href":"https:\/\/nancolekkerkerker.nl\/index.php?rest_route=\/wp\/v2\/types\/page"}],"author":[{"embeddable":true,"href":"https:\/\/nancolekkerkerker.nl\/index.php?rest_route=\/wp\/v2\/users\/1"}],"replies":[{"embeddable":true,"href":"https:\/\/nancolekkerkerker.nl\/index.php?rest_route=%2Fwp%2Fv2%2Fcomments&post=888"}],"version-history":[{"count":12,"href":"https:\/\/nancolekkerkerker.nl\/index.php?rest_route=\/wp\/v2\/pages\/888\/revisions"}],"predecessor-version":[{"id":3966,"href":"https:\/\/nancolekkerkerker.nl\/index.php?rest_route=\/wp\/v2\/pages\/888\/revisions\/3966"}],"wp:attachment":[{"href":"https:\/\/nancolekkerkerker.nl\/index.php?rest_route=%2Fwp%2Fv2%2Fmedia&parent=888"}],"curies":[{"name":"wp","href":"https:\/\/api.w.org\/{rel}","templated":true}]}}