{"id":268,"date":"2024-05-09T02:38:06","date_gmt":"2024-05-09T02:38:06","guid":{"rendered":"http:\/\/nancolekkerkerker.nl\/?page_id=268"},"modified":"2025-12-22T10:58:17","modified_gmt":"2025-12-22T10:58:17","slug":"eldur-fra-nodurhvammi","status":"publish","type":"page","link":"https:\/\/nancolekkerkerker.nl\/?page_id=268","title":{"rendered":"Eldur fr\u00e1 Nodurhvammi"},"content":{"rendered":"\n<div class=\"wp-block-group alignfull has-accent-2-background-color has-background has-global-padding is-layout-constrained wp-container-core-group-is-layout-669513ed wp-block-group-is-layout-constrained\" style=\"margin-top:0;margin-bottom:0;padding-top:var(--wp--preset--spacing--50);padding-right:var(--wp--preset--spacing--50);padding-bottom:var(--wp--preset--spacing--50);padding-left:var(--wp--preset--spacing--50)\">\n<div class=\"wp-block-columns alignwide is-layout-flex wp-container-core-columns-is-layout-28f84493 wp-block-columns-is-layout-flex\">\n<div class=\"wp-block-column is-layout-flow wp-block-column-is-layout-flow\" style=\"flex-basis:40%\"><\/div>\n\n\n\n<div class=\"wp-block-column is-layout-flow wp-block-column-is-layout-flow\" style=\"flex-basis:60%\">\n<p class=\"has-heading-font-family has-x-large-font-size\" style=\"line-height:1.2\">Eldur was een zeer betrouwbare ruin met een gouden karakter.<br>Dit paard had vier uitzonderlijk goed gescheiden gangen, waarbij de expressie in t\u00f6lt opviel.<\/p>\n<\/div>\n<\/div>\n\n\n\n<figure class=\"wp-block-image aligncenter size-full is-style-rounded is-style-rounded--1\"><img data-recalc-dims=\"1\" loading=\"lazy\" decoding=\"async\" width=\"524\" height=\"588\" src=\"https:\/\/i0.wp.com\/nancolekkerkerker.nl\/wp-content\/uploads\/2024\/04\/JN-stap-2.jpg?resize=524%2C588&#038;ssl=1\" alt=\"\" class=\"wp-image-89\"\/><\/figure>\n<\/div>\n\n\n\n<div class=\"wp-block-group alignfull has-base-background-color has-background has-global-padding is-layout-constrained wp-container-core-group-is-layout-d89aad35 wp-block-group-is-layout-constrained\" style=\"margin-top:0;margin-bottom:0;padding-top:var(--wp--preset--spacing--50);padding-right:var(--wp--preset--spacing--50);padding-bottom:var(--wp--preset--spacing--50);padding-left:var(--wp--preset--spacing--50)\">\n<div class=\"wp-block-columns alignwide is-layout-flex wp-container-core-columns-is-layout-549b0c86 wp-block-columns-is-layout-flex\">\n<div class=\"wp-block-column has-global-padding is-content-justification-left is-layout-constrained wp-container-core-column-is-layout-4f15e8fe wp-block-column-is-layout-constrained\" style=\"flex-basis:40%\">\n<p class=\"has-heading-font-family\">Belevenissen &amp; afstamming<\/p>\n\n\n\n<figure class=\"wp-block-image size-full\"><img data-recalc-dims=\"1\" loading=\"lazy\" decoding=\"async\" width=\"260\" height=\"182\" src=\"https:\/\/i0.wp.com\/nancolekkerkerker.nl\/wp-content\/uploads\/2025\/12\/EldurElsw.jpg?resize=260%2C182&#038;ssl=1\" alt=\"\" class=\"wp-image-3564\"\/><\/figure>\n<\/div>\n\n\n\n<div class=\"wp-block-column is-layout-flow wp-container-core-column-is-layout-119bc444 wp-block-column-is-layout-flow\" style=\"flex-basis:60%\">\n<p class=\"has-heading-font-family has-x-large-font-size\" style=\"line-height:1.2\">Eldur heeft eind jaren &#8217;70 en begin jaren &#8217;80 vele IJslandse toernooien in Nederland gelopen, hij is ge\u00efmporteerd door Hestair.<\/p>\n\n\n\n<div class=\"wp-block-columns is-layout-flex wp-container-core-columns-is-layout-87beb0d0 wp-block-columns-is-layout-flex\">\n<div class=\"wp-block-column is-layout-flow wp-block-column-is-layout-flow\">\n<p class=\"has-heading-font-family wp-container-content-9cfa9a5a\">Eldur is in 1996 op 25-jarige leeftijd overleden bij Wieke Peelen.<\/p>\n<\/div>\n\n\n\n<div class=\"wp-block-column is-layout-flow wp-block-column-is-layout-flow\">\n<p class=\"has-heading-font-family\">Prijzen:<br>Amsterdam 1979: 3e &#8211; T1 &amp; 7e &#8211; V1<br>Havelte 1979: Dagkampioen, T1 en V1<br>NK 1980: 5e &#8211; T1 en V1<br>Berg en Bos 1982: 1e &#8211; T1 en V1<br>NK 1984: 3e &#8211; T1 en V1<\/p>\n<\/div>\n<\/div>\n<\/div>\n<\/div>\n<\/div>\n\n\n\n<div class=\"wp-block-group alignfull has-base-2-color has-contrast-background-color has-text-color has-background has-link-color wp-elements-e5d18118a7f4d7bd7fe725c08f639a78 has-global-padding is-layout-constrained wp-container-core-group-is-layout-facafb6f wp-block-group-is-layout-constrained\" style=\"margin-top:0;margin-bottom:0;padding-top:var(--wp--preset--spacing--50);padding-right:var(--wp--preset--spacing--50);padding-bottom:var(--wp--preset--spacing--50);padding-left:var(--wp--preset--spacing--50)\">\n<div class=\"wp-block-columns alignwide is-layout-flex wp-container-core-columns-is-layout-d1c656ed wp-block-columns-is-layout-flex\">\n<div class=\"wp-block-column is-vertically-aligned-stretch is-layout-flow wp-block-column-is-layout-flow\" style=\"padding-right:0;flex-basis:60%\">\n<div class=\"wp-block-group is-vertical is-content-justification-stretch is-layout-flex wp-container-core-group-is-layout-ae24f51d wp-block-group-is-layout-flex\" style=\"min-height:100%\">\n<figure class=\"wp-block-image size-full is-resized is-style-rounded is-style-rounded--2\"><img data-recalc-dims=\"1\" loading=\"lazy\" decoding=\"async\" width=\"526\" height=\"634\" src=\"https:\/\/i0.wp.com\/nancolekkerkerker.nl\/wp-content\/uploads\/2024\/04\/we-rijden.jpg?resize=526%2C634&#038;ssl=1\" alt=\"\" class=\"wp-image-96\" style=\"aspect-ratio:0.5625;object-fit:cover;width:474px;height:auto\" srcset=\"https:\/\/i0.wp.com\/nancolekkerkerker.nl\/wp-content\/uploads\/2024\/04\/we-rijden.jpg?w=526&amp;ssl=1 526w, https:\/\/i0.wp.com\/nancolekkerkerker.nl\/wp-content\/uploads\/2024\/04\/we-rijden.jpg?resize=498%2C600&amp;ssl=1 498w\" sizes=\"auto, (max-width: 526px) 100vw, 526px\" \/><\/figure>\n<\/div>\n<\/div>\n\n\n\n<div class=\"wp-block-column is-layout-flow wp-block-column-is-layout-flow\" style=\"flex-basis:40%\">\n<div class=\"wp-block-group has-global-padding is-layout-constrained wp-block-group-is-layout-constrained\">\n<p class=\"has-heading-font-family has-large-font-size\" style=\"font-style:normal;font-weight:500;line-height:1.2\">Afstamming :<\/p>\n\n\n\n<div class=\"wp-block-group is-layout-flow wp-block-group-is-layout-flow\">\n<p class=\"has-heading-font-family\">1. Vader : Gl\u00f3i fr\u00e1 H\u00e1holt nr. 565<\/p>\n\n\n\n<p class=\"has-heading-font-family has-medium-font-size\">2. Moeder : J\u00f6rp fr\u00e1 Ski\u00f0bakki<\/p>\n\n\n\n<figure class=\"wp-block-image size-full is-style-rounded is-style-rounded--3\"><img data-recalc-dims=\"1\" loading=\"lazy\" decoding=\"async\" width=\"525\" height=\"533\" src=\"https:\/\/i0.wp.com\/nancolekkerkerker.nl\/wp-content\/uploads\/2024\/04\/Rijden-moet-je.jpg?resize=525%2C533&#038;ssl=1\" alt=\"\" class=\"wp-image-95\" style=\"aspect-ratio:9\/16;object-fit:cover\"\/><\/figure>\n<\/div>\n<\/div>\n<\/div>\n<\/div>\n<\/div>\n\n\n\n<div class=\"wp-block-group alignfull has-accent-2-background-color has-background has-global-padding is-layout-constrained wp-container-core-group-is-layout-669513ed wp-block-group-is-layout-constrained\" style=\"margin-top:0;margin-bottom:0;padding-top:var(--wp--preset--spacing--50);padding-right:var(--wp--preset--spacing--50);padding-bottom:var(--wp--preset--spacing--50);padding-left:var(--wp--preset--spacing--50)\">\n<div class=\"wp-block-columns alignwide is-layout-flex wp-container-core-columns-is-layout-28f84493 wp-block-columns-is-layout-flex\">\n<div class=\"wp-block-column is-layout-flow wp-block-column-is-layout-flow\" style=\"flex-basis:60%\">\n<p class=\"has-heading-font-family has-x-large-font-size\" style=\"line-height:1.2\">Nog een paar leuke beelden<\/p>\n<\/div>\n<\/div>\n\n\n\n<div style=\"height:var(--wp--preset--spacing--40)\" aria-hidden=\"true\" class=\"wp-block-spacer\"><\/div>\n\n\n\n<figure class=\"wp-block-image size-full\"><img data-recalc-dims=\"1\" loading=\"lazy\" decoding=\"async\" width=\"700\" height=\"507\" src=\"https:\/\/i0.wp.com\/nancolekkerkerker.nl\/wp-content\/uploads\/2025\/12\/Eldur6w.jpg?resize=700%2C507&#038;ssl=1\" alt=\"\" class=\"wp-image-3565\" srcset=\"https:\/\/i0.wp.com\/nancolekkerkerker.nl\/wp-content\/uploads\/2025\/12\/Eldur6w.jpg?w=700&amp;ssl=1 700w, https:\/\/i0.wp.com\/nancolekkerkerker.nl\/wp-content\/uploads\/2025\/12\/Eldur6w.jpg?resize=600%2C435&amp;ssl=1 600w\" sizes=\"auto, (max-width: 700px) 100vw, 700px\" \/><\/figure>\n\n\n\n<figure class=\"wp-block-image aligncenter size-full\"><img data-recalc-dims=\"1\" loading=\"lazy\" decoding=\"async\" width=\"200\" height=\"256\" src=\"https:\/\/i0.wp.com\/nancolekkerkerker.nl\/wp-content\/uploads\/2024\/05\/Eldur_nonnen.jpg?resize=200%2C256&#038;ssl=1\" alt=\"\" class=\"wp-image-392\"\/><\/figure>\n\n\n\n<figure class=\"wp-block-image size-full\"><img data-recalc-dims=\"1\" loading=\"lazy\" decoding=\"async\" width=\"700\" height=\"519\" src=\"https:\/\/i0.wp.com\/nancolekkerkerker.nl\/wp-content\/uploads\/2025\/12\/Eldurw.jpg?resize=700%2C519&#038;ssl=1\" alt=\"\" class=\"wp-image-3408\" srcset=\"https:\/\/i0.wp.com\/nancolekkerkerker.nl\/wp-content\/uploads\/2025\/12\/Eldurw.jpg?w=700&amp;ssl=1 700w, https:\/\/i0.wp.com\/nancolekkerkerker.nl\/wp-content\/uploads\/2025\/12\/Eldurw.jpg?resize=600%2C445&amp;ssl=1 600w\" sizes=\"auto, (max-width: 700px) 100vw, 700px\" \/><\/figure>\n<\/div>\n\n\n\n<div class=\"wp-block-buttons is-content-justification-center is-layout-flex wp-container-core-buttons-is-layout-a89b3969 wp-block-buttons-is-layout-flex\">\n<div class=\"wp-block-button\"><a class=\"wp-block-button__link wp-element-button\" href=\"https:\/\/nancolekkerkerker.nl\">Naar homepage<\/a><\/div>\n<\/div>\n","protected":false},"excerpt":{"rendered":"<p>Eldur was een zeer betrouwbare ruin met een gouden karakter.Dit paard had vier uitzonderlijk goed gescheiden gangen, waarbij de expressie in t\u00f6lt opviel. Belevenissen &amp; afstamming Eldur heeft eind jaren &#8217;70 en begin jaren &#8217;80 vele IJslandse toernooien in Nederland gelopen, hij is ge\u00efmporteerd door Hestair. Eldur is in 1996 op 25-jarige leeftijd overleden bij [&hellip;]<\/p>\n","protected":false},"author":1,"featured_media":1521,"parent":0,"menu_order":0,"comment_status":"closed","ping_status":"closed","template":"","meta":{"footnotes":""},"class_list":["post-268","page","type-page","status-publish","has-post-thumbnail","hentry"],"jetpack_sharing_enabled":true,"jetpack-related-posts":[],"_links":{"self":[{"href":"https:\/\/nancolekkerkerker.nl\/index.php?rest_route=\/wp\/v2\/pages\/268","targetHints":{"allow":["GET"]}}],"collection":[{"href":"https:\/\/nancolekkerkerker.nl\/index.php?rest_route=\/wp\/v2\/pages"}],"about":[{"href":"https:\/\/nancolekkerkerker.nl\/index.php?rest_route=\/wp\/v2\/types\/page"}],"author":[{"embeddable":true,"href":"https:\/\/nancolekkerkerker.nl\/index.php?rest_route=\/wp\/v2\/users\/1"}],"replies":[{"embeddable":true,"href":"https:\/\/nancolekkerkerker.nl\/index.php?rest_route=%2Fwp%2Fv2%2Fcomments&post=268"}],"version-history":[{"count":12,"href":"https:\/\/nancolekkerkerker.nl\/index.php?rest_route=\/wp\/v2\/pages\/268\/revisions"}],"predecessor-version":[{"id":3567,"href":"https:\/\/nancolekkerkerker.nl\/index.php?rest_route=\/wp\/v2\/pages\/268\/revisions\/3567"}],"wp:featuredmedia":[{"embeddable":true,"href":"https:\/\/nancolekkerkerker.nl\/index.php?rest_route=\/wp\/v2\/media\/1521"}],"wp:attachment":[{"href":"https:\/\/nancolekkerkerker.nl\/index.php?rest_route=%2Fwp%2Fv2%2Fmedia&parent=268"}],"curies":[{"name":"wp","href":"https:\/\/api.w.org\/{rel}","templated":true}]}}