{"id":266,"date":"2024-05-09T02:37:49","date_gmt":"2024-05-09T02:37:49","guid":{"rendered":"http:\/\/nancolekkerkerker.nl\/?page_id=266"},"modified":"2026-01-05T20:39:21","modified_gmt":"2026-01-05T20:39:21","slug":"fafnir-fra-reykjavik-2001","status":"publish","type":"page","link":"https:\/\/nancolekkerkerker.nl\/?page_id=266","title":{"rendered":"F\u00e1fnir fr\u00e1 Reykjavik (2001)"},"content":{"rendered":"\n<div class=\"wp-block-group alignfull has-accent-2-background-color has-background has-global-padding is-layout-constrained wp-container-core-group-is-layout-669513ed wp-block-group-is-layout-constrained\" style=\"margin-top:0;margin-bottom:0;padding-top:var(--wp--preset--spacing--50);padding-right:var(--wp--preset--spacing--50);padding-bottom:var(--wp--preset--spacing--50);padding-left:var(--wp--preset--spacing--50)\">\n<div class=\"wp-block-columns alignwide is-layout-flex wp-container-core-columns-is-layout-28f84493 wp-block-columns-is-layout-flex\">\n<div class=\"wp-block-column is-layout-flow wp-block-column-is-layout-flow\" style=\"flex-basis:40%\"><\/div>\n\n\n\n<div class=\"wp-block-column is-layout-flow wp-block-column-is-layout-flow\" style=\"flex-basis:60%\">\n<p class=\"has-heading-font-family has-x-large-font-size\" style=\"line-height:1.2\">F\u00e1fnir is als jonge ruin in 2007 ge\u00efmporteerd door de familie Bakels<\/p>\n<\/div>\n<\/div>\n\n\n\n<figure class=\"wp-block-image alignwide size-full is-style-rounded is-style-rounded--1\"><img data-recalc-dims=\"1\" loading=\"lazy\" decoding=\"async\" width=\"1024\" height=\"682\" src=\"https:\/\/i0.wp.com\/nancolekkerkerker.nl\/wp-content\/uploads\/2024\/04\/WZ16_JSN_F2_Nanco_Lekkerkerker.jpg?resize=1024%2C682&#038;ssl=1\" alt=\"\" class=\"wp-image-63\" srcset=\"https:\/\/i0.wp.com\/nancolekkerkerker.nl\/wp-content\/uploads\/2024\/04\/WZ16_JSN_F2_Nanco_Lekkerkerker.jpg?w=1024&amp;ssl=1 1024w, https:\/\/i0.wp.com\/nancolekkerkerker.nl\/wp-content\/uploads\/2024\/04\/WZ16_JSN_F2_Nanco_Lekkerkerker.jpg?resize=600%2C400&amp;ssl=1 600w, https:\/\/i0.wp.com\/nancolekkerkerker.nl\/wp-content\/uploads\/2024\/04\/WZ16_JSN_F2_Nanco_Lekkerkerker.jpg?resize=768%2C512&amp;ssl=1 768w\" sizes=\"auto, (max-width: 1000px) 100vw, 1000px\" \/><figcaption class=\"wp-element-caption\">Nanco Lekkerkerker wint met F\u00e1fnir fr\u00e1 Reykjavik de F2 .<\/figcaption><\/figure>\n<\/div>\n\n\n\n<div class=\"wp-block-group alignfull has-base-background-color has-background has-global-padding is-layout-constrained wp-container-core-group-is-layout-d89aad35 wp-block-group-is-layout-constrained\" style=\"margin-top:0;margin-bottom:0;padding-top:var(--wp--preset--spacing--50);padding-right:var(--wp--preset--spacing--50);padding-bottom:var(--wp--preset--spacing--50);padding-left:var(--wp--preset--spacing--50)\">\n<div class=\"wp-block-columns alignwide is-layout-flex wp-container-core-columns-is-layout-549b0c86 wp-block-columns-is-layout-flex\">\n<div class=\"wp-block-column has-global-padding is-content-justification-left is-layout-constrained wp-container-core-column-is-layout-4f15e8fe wp-block-column-is-layout-constrained\" style=\"flex-basis:40%\">\n<p class=\"has-heading-font-family\"><strong>Zomer 2007<\/strong><\/p>\n\n\n\n<figure class=\"wp-block-image size-full\"><img data-recalc-dims=\"1\" loading=\"lazy\" decoding=\"async\" width=\"260\" height=\"347\" src=\"https:\/\/i0.wp.com\/nancolekkerkerker.nl\/wp-content\/uploads\/2025\/12\/Thuis01w.jpg?resize=260%2C347&#038;ssl=1\" alt=\"\" class=\"wp-image-3542\"\/><\/figure>\n<\/div>\n\n\n\n<div class=\"wp-block-column is-layout-flow wp-container-core-column-is-layout-119bc444 wp-block-column-is-layout-flow\" style=\"flex-basis:60%\">\n<p class=\"has-heading-font-family has-x-large-font-size\" style=\"line-height:1.2\">Dit jonge paard hebben we voor het eerst gezien op een jeugdwedstrijd in Langegracht, toen voorgesteld door Florian Bakels<\/p>\n\n\n\n<div class=\"wp-block-columns is-layout-flex wp-container-core-columns-is-layout-87beb0d0 wp-block-columns-is-layout-flex\">\n<div class=\"wp-block-column is-layout-flow wp-block-column-is-layout-flow\">\n<p class=\"has-heading-font-family wp-container-content-9cfa9a5a\">Een aantal maanden geleden horen we bij toeval dat het paard te koop staat, en wij waren net op zoek naar een nieuw jong paard voor Nanco. Het contact met de familie Bakels was snel gelegd, en in onze vakantie rondom de WK de afspraak snel gemaakt. Voor de WK gereden en gekocht. Na de WK afgeleverd in Balinge.<\/p>\n<\/div>\n\n\n\n<div class=\"wp-block-column is-layout-flow wp-block-column-is-layout-flow\">\n<p class=\"has-heading-font-family\">Inmiddels staat het F\u00e1fnir een aantal weken bij ons.<br>Er valt nog wel wat te sleutelen aan deze jonge heer, maar het belooft een heerlijk rijpaard te worden.<\/p>\n<\/div>\n<\/div>\n<\/div>\n<\/div>\n<\/div>\n\n\n\n<div class=\"wp-block-group alignfull has-accent-2-background-color has-background has-global-padding is-layout-constrained wp-container-core-group-is-layout-d89aad35 wp-block-group-is-layout-constrained\" style=\"margin-top:0;margin-bottom:0;padding-top:var(--wp--preset--spacing--50);padding-right:var(--wp--preset--spacing--50);padding-bottom:var(--wp--preset--spacing--50);padding-left:var(--wp--preset--spacing--50)\">\n<div class=\"wp-block-columns alignwide is-layout-flex wp-container-core-columns-is-layout-549b0c86 wp-block-columns-is-layout-flex\">\n<div class=\"wp-block-column has-global-padding is-content-justification-left is-layout-constrained wp-container-core-column-is-layout-4f15e8fe wp-block-column-is-layout-constrained\" style=\"flex-basis:40%\">\n<p class=\"has-heading-font-family\"><strong>Voorjaar 2008<\/strong> en verder<\/p>\n\n\n\n<figure class=\"wp-block-image size-full\"><img data-recalc-dims=\"1\" loading=\"lazy\" decoding=\"async\" width=\"260\" height=\"173\" src=\"https:\/\/i0.wp.com\/nancolekkerkerker.nl\/wp-content\/uploads\/2025\/12\/Fafnir_Exloo2008w.jpg?resize=260%2C173&#038;ssl=1\" alt=\"\" class=\"wp-image-3543\"\/><figcaption class=\"wp-element-caption\">Exloo 2008<\/figcaption><\/figure>\n\n\n\n<figure class=\"wp-block-image size-full\"><img data-recalc-dims=\"1\" loading=\"lazy\" decoding=\"async\" width=\"260\" height=\"391\" src=\"https:\/\/i0.wp.com\/nancolekkerkerker.nl\/wp-content\/uploads\/2025\/12\/F-NK08-1s.jpg?resize=260%2C391&#038;ssl=1\" alt=\"\" class=\"wp-image-3544\"\/><figcaption class=\"wp-element-caption\">NK 2008<\/figcaption><\/figure>\n<\/div>\n\n\n\n<div class=\"wp-block-column is-layout-flow wp-container-core-column-is-layout-119bc444 wp-block-column-is-layout-flow\" style=\"flex-basis:60%\">\n<p class=\"has-heading-font-family has-x-large-font-size\" style=\"line-height:1.2\">F\u00e1fnir is nu even bij ons. We hebben hem als project maar autist genoemd.<\/p>\n\n\n\n<div class=\"wp-block-columns is-layout-flex wp-container-core-columns-is-layout-87beb0d0 wp-block-columns-is-layout-flex\">\n<div class=\"wp-block-column is-layout-flow wp-block-column-is-layout-flow\">\n<p class=\"has-heading-font-family wp-container-content-9cfa9a5a\">F\u00e1fnir is behoorlijk introvert, en daardoor soms onbereikbaar en onvoorspelbaar. Dat levert soms problemen op maar die worden steeds zeldzamer. Verwonderlijk is dat we na een weekeinde in Handorf (M\u00fcnster &#8211; BRD) opeens een doorbraak hebben bewerkstelligd, waardoor er nu een nieuwsgierig, nog enigszins teruggetrokken paard op stal hebben staan. Met kleine stapjes en veel geduld wordt het wel wat met deze krachtpatser.<\/p>\n<\/div>\n\n\n\n<div class=\"wp-block-column is-layout-flow wp-block-column-is-layout-flow\">\n<p class=\"has-heading-font-family\">Om vervolgens tijdens Exloo 2008 weer te verbazen door uit het niets de A finale T7 te winnen.<br>Leuk detail is dat er moet worden overgereden om de 1e plaats tegen Florian Bakels, zijn oude eigenaar.<\/p>\n\n\n\n<p class=\"has-heading-font-family\">Inmiddels zijn we een aantal jaren verder en heeft F\u00e1fnir zich ontwikkeld tot een geroutineerde vijfganger met een spetterende telgang. Sinds 2013 starten we ook volop vanuit de startboxen in de telgangren. In de telgangproef presteert F\u00e1fnir verdienstelijk.<\/p>\n\n\n\n<p class=\"has-heading-font-family\">In Lingen 2015 verbetert F\u00e1fnir zijn PR in de telgangren 250 meter naar 24,69. Een resultaat waar wij heel blij mee zijn.<\/p>\n<\/div>\n<\/div>\n<\/div>\n<\/div>\n\n\n\n<h2 class=\"wp-block-heading has-heading-font-family has-accent-5-background-color has-background\">Telgangren<\/h2>\n\n\n\n<p class=\"has-heading-font-family\">Door de jaren heeft Hendrik Wichert zich ontwikkeld tot de vaste helper van F\u00e1fnir om samen rustig en snel in de boxen te kunnen laden. Mooi om dan het plezier en ontlading te zien in onderstaande plaatjes.<\/p>\n\n\n\n<figure class=\"wp-block-gallery has-nested-images columns-default is-cropped has-accent-5-background-color has-background wp-block-gallery-2 is-layout-flex wp-block-gallery-is-layout-flex\">\n<figure class=\"wp-block-image size-full\"><img data-recalc-dims=\"1\" loading=\"lazy\" decoding=\"async\" width=\"336\" height=\"414\" data-id=\"3545\" src=\"https:\/\/i0.wp.com\/nancolekkerkerker.nl\/wp-content\/uploads\/2025\/12\/Lingen-box-Stefanw.jpg?resize=336%2C414&#038;ssl=1\" alt=\"\" class=\"wp-image-3545\"\/><\/figure>\n\n\n\n<figure class=\"wp-block-image size-full\"><img data-recalc-dims=\"1\" loading=\"lazy\" decoding=\"async\" width=\"572\" height=\"413\" data-id=\"3546\" src=\"https:\/\/i0.wp.com\/nancolekkerkerker.nl\/wp-content\/uploads\/2025\/12\/Hendrikw.jpg?resize=572%2C413&#038;ssl=1\" alt=\"\" class=\"wp-image-3546\"\/><\/figure>\n<\/figure>\n\n\n\n<figure class=\"wp-block-gallery has-nested-images columns-default is-cropped has-accent-5-background-color has-background wp-block-gallery-3 is-layout-flex wp-block-gallery-is-layout-flex\">\n<figure class=\"wp-block-image size-full\"><img data-recalc-dims=\"1\" loading=\"lazy\" decoding=\"async\" width=\"700\" height=\"308\" data-id=\"3191\" src=\"https:\/\/i0.wp.com\/nancolekkerkerker.nl\/wp-content\/uploads\/2025\/11\/BoxHendrikw.jpg?resize=700%2C308&#038;ssl=1\" alt=\"\" class=\"wp-image-3191\" srcset=\"https:\/\/i0.wp.com\/nancolekkerkerker.nl\/wp-content\/uploads\/2025\/11\/BoxHendrikw.jpg?w=700&amp;ssl=1 700w, https:\/\/i0.wp.com\/nancolekkerkerker.nl\/wp-content\/uploads\/2025\/11\/BoxHendrikw.jpg?resize=600%2C264&amp;ssl=1 600w\" sizes=\"auto, (max-width: 700px) 100vw, 700px\" \/><\/figure>\n<\/figure>\n<\/div>\n\n\n\n<div class=\"wp-block-group alignfull has-base-background-color has-background has-global-padding is-layout-constrained wp-container-core-group-is-layout-d89aad35 wp-block-group-is-layout-constrained\" style=\"margin-top:0;margin-bottom:0;padding-top:var(--wp--preset--spacing--50);padding-right:var(--wp--preset--spacing--50);padding-bottom:var(--wp--preset--spacing--50);padding-left:var(--wp--preset--spacing--50)\">\n<div class=\"wp-block-columns alignwide is-layout-flex wp-container-core-columns-is-layout-549b0c86 wp-block-columns-is-layout-flex\">\n<div class=\"wp-block-column has-global-padding is-content-justification-left is-layout-constrained wp-container-core-column-is-layout-4f15e8fe wp-block-column-is-layout-constrained\" style=\"flex-basis:40%\">\n<p class=\"has-heading-font-family\"><strong>Zomer 2016<\/strong><\/p>\n\n\n\n<figure class=\"wp-block-image size-full\"><img data-recalc-dims=\"1\" loading=\"lazy\" decoding=\"async\" width=\"260\" height=\"208\" src=\"https:\/\/i0.wp.com\/nancolekkerkerker.nl\/wp-content\/uploads\/2025\/12\/nk18-3w.jpg?resize=260%2C208&#038;ssl=1\" alt=\"\" class=\"wp-image-3549\"\/><\/figure>\n\n\n\n<figure class=\"wp-block-image size-full\"><img data-recalc-dims=\"1\" loading=\"lazy\" decoding=\"async\" width=\"260\" height=\"174\" src=\"https:\/\/i0.wp.com\/nancolekkerkerker.nl\/wp-content\/uploads\/2025\/12\/NK16-5w2.jpg?resize=260%2C174&#038;ssl=1\" alt=\"\" class=\"wp-image-3550\"\/><\/figure>\n<\/div>\n\n\n\n<div class=\"wp-block-column is-layout-flow wp-container-core-column-is-layout-119bc444 wp-block-column-is-layout-flow\" style=\"flex-basis:60%\">\n<p class=\"has-heading-font-family has-x-large-font-size\" style=\"line-height:1.2\">F\u00e1fnir &#8211; inmiddels een geroutineerde vijfganger en renner<\/p>\n\n\n\n<div class=\"wp-block-columns is-layout-flex wp-container-core-columns-is-layout-87beb0d0 wp-block-columns-is-layout-flex\">\n<div class=\"wp-block-column is-layout-flow wp-block-column-is-layout-flow\">\n<p class=\"has-heading-font-family wp-container-content-9cfa9a5a\">De verschillende resultaten moet ik nog eens bij elkaar zoeken. Dat overzicht is ergens verloren gegaan bij het migreren van onze oude website.<\/p>\n<\/div>\n\n\n\n<div class=\"wp-block-column is-layout-flow wp-block-column-is-layout-flow\">\n<p class=\"has-heading-font-family\">Mooi hoogtepunt was natuurlijk de Nederlandse titel van 2016 in de F2.<\/p>\n<\/div>\n<\/div>\n<\/div>\n<\/div>\n<\/div>\n\n\n\n<div class=\"wp-block-group alignfull has-accent-2-background-color has-background has-global-padding is-layout-constrained wp-container-core-group-is-layout-669513ed wp-block-group-is-layout-constrained\" style=\"margin-top:0;margin-bottom:0;padding-top:var(--wp--preset--spacing--50);padding-right:var(--wp--preset--spacing--50);padding-bottom:var(--wp--preset--spacing--50);padding-left:var(--wp--preset--spacing--50)\">\n<div class=\"wp-block-columns alignwide is-layout-flex wp-container-core-columns-is-layout-28f84493 wp-block-columns-is-layout-flex\">\n<div class=\"wp-block-column is-layout-flow wp-block-column-is-layout-flow\" style=\"flex-basis:40%\">\n<p class=\"has-heading-font-family\">Nederlands Kampioenschap 2025<\/p>\n<\/div>\n\n\n\n<div class=\"wp-block-column is-layout-flow wp-block-column-is-layout-flow\" style=\"flex-basis:60%\">\n<p class=\"has-heading-font-family has-x-large-font-size\" style=\"line-height:1.2\">F\u00e1fnir in zijn laatste telgangren P3 met een heerlijke tijd van 16,87 seconden &#8211; goed voor opnieuw een zilveren medaille.<\/p>\n<\/div>\n<\/div>\n\n\n\n<figure class=\"wp-block-image alignwide size-full is-style-rounded is-style-rounded--4\"><img data-recalc-dims=\"1\" loading=\"lazy\" decoding=\"async\" width=\"700\" height=\"467\" src=\"https:\/\/i0.wp.com\/nancolekkerkerker.nl\/wp-content\/uploads\/2025\/11\/NK25-P3w.jpg?resize=700%2C467&#038;ssl=1\" alt=\"\" class=\"wp-image-3054\" srcset=\"https:\/\/i0.wp.com\/nancolekkerkerker.nl\/wp-content\/uploads\/2025\/11\/NK25-P3w.jpg?w=700&amp;ssl=1 700w, https:\/\/i0.wp.com\/nancolekkerkerker.nl\/wp-content\/uploads\/2025\/11\/NK25-P3w.jpg?resize=600%2C400&amp;ssl=1 600w\" sizes=\"auto, (max-width: 700px) 100vw, 700px\" \/><figcaption class=\"wp-element-caption\">Foto : Ton Koene<\/figcaption><\/figure>\n\n\n\n<figure class=\"wp-block-image alignwide size-full is-style-rounded is-style-rounded--5\"><img data-recalc-dims=\"1\" loading=\"lazy\" decoding=\"async\" width=\"1500\" height=\"1513\" src=\"https:\/\/i0.wp.com\/nancolekkerkerker.nl\/wp-content\/uploads\/2026\/01\/NK2025-medaillex.jpg?resize=1500%2C1513&#038;ssl=1\" alt=\"\" class=\"wp-image-3959\" srcset=\"https:\/\/i0.wp.com\/nancolekkerkerker.nl\/wp-content\/uploads\/2026\/01\/NK2025-medaillex.jpg?w=1500&amp;ssl=1 1500w, https:\/\/i0.wp.com\/nancolekkerkerker.nl\/wp-content\/uploads\/2026\/01\/NK2025-medaillex.jpg?resize=595%2C600&amp;ssl=1 595w, https:\/\/i0.wp.com\/nancolekkerkerker.nl\/wp-content\/uploads\/2026\/01\/NK2025-medaillex.jpg?resize=768%2C775&amp;ssl=1 768w\" sizes=\"auto, (max-width: 1000px) 100vw, 1000px\" \/><\/figure>\n<\/div>\n\n\n\n<div class=\"wp-block-group alignfull has-base-background-color has-background has-global-padding is-layout-constrained wp-container-core-group-is-layout-d89aad35 wp-block-group-is-layout-constrained\" style=\"margin-top:0;margin-bottom:0;padding-top:var(--wp--preset--spacing--50);padding-right:var(--wp--preset--spacing--50);padding-bottom:var(--wp--preset--spacing--50);padding-left:var(--wp--preset--spacing--50)\">\n<div class=\"wp-block-columns alignwide is-layout-flex wp-container-core-columns-is-layout-549b0c86 wp-block-columns-is-layout-flex\">\n<div class=\"wp-block-column has-global-padding is-content-justification-left is-layout-constrained wp-container-core-column-is-layout-4f15e8fe wp-block-column-is-layout-constrained\" style=\"flex-basis:40%\">\n<p class=\"has-heading-font-family\"><strong>Zomer 2025<\/strong><\/p>\n\n\n\n<figure class=\"wp-block-image size-full\"><img data-recalc-dims=\"1\" loading=\"lazy\" decoding=\"async\" width=\"260\" height=\"196\" src=\"https:\/\/i0.wp.com\/nancolekkerkerker.nl\/wp-content\/uploads\/2025\/12\/NK-voorbereidingw2.jpg?resize=260%2C196&#038;ssl=1\" alt=\"\" class=\"wp-image-3561\"\/><\/figure>\n\n\n\n<figure class=\"wp-block-image size-full\"><img data-recalc-dims=\"1\" loading=\"lazy\" decoding=\"async\" width=\"260\" height=\"195\" src=\"https:\/\/i0.wp.com\/nancolekkerkerker.nl\/wp-content\/uploads\/2025\/12\/Fafnir2009w2.jpg?resize=260%2C195&#038;ssl=1\" alt=\"\" class=\"wp-image-3551\"\/><\/figure>\n<\/div>\n\n\n\n<div class=\"wp-block-column is-layout-flow wp-container-core-column-is-layout-119bc444 wp-block-column-is-layout-flow\" style=\"flex-basis:60%\">\n<p class=\"has-heading-font-family has-x-large-font-size\" style=\"line-height:1.2\">Inmiddels geniet deze heer op leeftijd van zijn welverdiende pensioen<\/p>\n\n\n\n<div class=\"wp-block-columns is-layout-flex wp-container-core-columns-is-layout-87beb0d0 wp-block-columns-is-layout-flex\">\n<div class=\"wp-block-column is-layout-flow wp-block-column-is-layout-flow\">\n<p class=\"has-heading-font-family wp-container-content-9cfa9a5a\">Elke dag nog even een uurtje rare sprongen in de wei, maar vooral heerlijk relaxed tussen alle andere paarden op het erf.<\/p>\n\n\n\n<p>Mooi om waar te nemen is dat deze heer de rol van Ari als stal-oudste duidelijk heeft overgenomen. Hij laat alle paarden wel even weten hoe er op het erf met elkaar wordt omgegaan.<\/p>\n<\/div>\n\n\n\n<div class=\"wp-block-column is-layout-flow wp-block-column-is-layout-flow\">\n<p class=\"has-heading-font-family\">Wat heb ik een ongelooflijk plezier met deze heer gehad. Niet altijd even makkelijk te rijden, maar een goede leermeester ten top. <\/p>\n\n\n\n<p>En nog elke dag is er een mooi contact tijdens voeren maar ook bij het afmesten. Altijd even een knuffel halen en een snoepje, natuurlijk op gepaste afstand \ud83d\ude42<\/p>\n<\/div>\n<\/div>\n<\/div>\n<\/div>\n<\/div>\n\n\n\n<h2 class=\"wp-block-heading has-heading-font-family has-medium-font-size\"><strong>In onderstaande slider allerlei beelden van de afgelopen jaren<\/strong><\/h2>\n\n\n\n<div class=\"wp-block-group has-global-padding is-layout-constrained wp-block-group-is-layout-constrained\">\n<\/div>\n\n\n\n<div class=\"wp-block-group alignfull has-base-2-color has-contrast-background-color has-text-color has-background has-link-color wp-elements-9b75d2e2287cb42f903bbf1770ccb97b has-global-padding is-layout-constrained wp-container-core-group-is-layout-facafb6f wp-block-group-is-layout-constrained\" style=\"margin-top:0;margin-bottom:0;padding-top:var(--wp--preset--spacing--50);padding-right:var(--wp--preset--spacing--50);padding-bottom:var(--wp--preset--spacing--50);padding-left:var(--wp--preset--spacing--50)\">\n<div class=\"wp-block-columns alignwide is-layout-flex wp-container-core-columns-is-layout-d1c656ed wp-block-columns-is-layout-flex\">\n<div class=\"wp-block-column is-vertically-aligned-stretch is-layout-flow wp-block-column-is-layout-flow\" style=\"padding-right:0;flex-basis:60%\">\n<div class=\"wp-block-group is-horizontal is-content-justification-center is-layout-flex wp-container-core-group-is-layout-ea166319 wp-block-group-is-layout-flex\" style=\"min-height:100%\">\n<figure class=\"wp-block-image size-medium is-style-rounded is-style-rounded--6\"><img data-recalc-dims=\"1\" loading=\"lazy\" decoding=\"async\" width=\"401\" height=\"600\" src=\"https:\/\/i0.wp.com\/nancolekkerkerker.nl\/wp-content\/uploads\/2024\/04\/NK16-7.jpg?resize=401%2C600&#038;ssl=1\" alt=\"\" class=\"wp-image-62\" style=\"aspect-ratio:0.5625;object-fit:cover\" srcset=\"https:\/\/i0.wp.com\/nancolekkerkerker.nl\/wp-content\/uploads\/2024\/04\/NK16-7.jpg?resize=401%2C600&amp;ssl=1 401w, https:\/\/i0.wp.com\/nancolekkerkerker.nl\/wp-content\/uploads\/2024\/04\/NK16-7.jpg?w=428&amp;ssl=1 428w\" sizes=\"auto, (max-width: 401px) 100vw, 401px\" \/><\/figure>\n<\/div>\n<\/div>\n\n\n\n<div class=\"wp-block-column is-layout-flow wp-block-column-is-layout-flow\" style=\"flex-basis:40%\">\n<div class=\"wp-block-group has-global-padding is-layout-constrained wp-block-group-is-layout-constrained\">\n<p class=\"has-heading-font-family has-large-font-size\" style=\"font-style:normal;font-weight:400;line-height:1.2\">Afstamming :<\/p>\n\n\n\n<div class=\"wp-block-group is-layout-flow wp-block-group-is-layout-flow\">\n<p class=\"has-heading-font-family has-medium-font-size\">Vader : Galsi fr\u00e1 Sau\u00f0\u00e1rkr\u00f3ki IS1990157003<\/p>\n\n\n\n<p class=\"has-heading-font-family has-medium-font-size\">Moeder : Kara fr\u00e1 Hindisv\u00edk IS1993255389<\/p>\n\n\n\n<figure class=\"wp-block-image size-full is-style-rounded is-style-rounded--7\"><img data-recalc-dims=\"1\" loading=\"lazy\" decoding=\"async\" width=\"700\" height=\"933\" src=\"https:\/\/i0.wp.com\/nancolekkerkerker.nl\/wp-content\/uploads\/2025\/12\/F1-5Lingen2013s.jpg?resize=700%2C933&#038;ssl=1\" alt=\"\" class=\"wp-image-3774\" style=\"aspect-ratio:9\/16;object-fit:cover\" srcset=\"https:\/\/i0.wp.com\/nancolekkerkerker.nl\/wp-content\/uploads\/2025\/12\/F1-5Lingen2013s.jpg?w=700&amp;ssl=1 700w, https:\/\/i0.wp.com\/nancolekkerkerker.nl\/wp-content\/uploads\/2025\/12\/F1-5Lingen2013s.jpg?resize=450%2C600&amp;ssl=1 450w\" sizes=\"auto, (max-width: 700px) 100vw, 700px\" \/><\/figure>\n<\/div>\n<\/div>\n<\/div>\n<\/div>\n<\/div>\n\n\n\n<div class=\"wp-block-buttons popmake-2709 is-content-justification-center is-layout-flex wp-container-core-buttons-is-layout-a89b3969 wp-block-buttons-is-layout-flex\">\n<div class=\"wp-block-button\"><a class=\"wp-block-button__link has-text-align-center wp-element-button\" href=\"https:\/\/nancolekkerkerker.nl\">Naar homepage<\/a><\/div>\n<\/div>\n","protected":false},"excerpt":{"rendered":"<p>F\u00e1fnir is als jonge ruin in 2007 ge\u00efmporteerd door de familie Bakels Zomer 2007 Dit jonge paard hebben we voor het eerst gezien op een jeugdwedstrijd in Langegracht, toen voorgesteld door Florian Bakels Een aantal maanden geleden horen we bij toeval dat het paard te koop staat, en wij waren net op zoek naar een [&hellip;]<\/p>\n","protected":false},"author":1,"featured_media":0,"parent":0,"menu_order":0,"comment_status":"closed","ping_status":"closed","template":"","meta":{"footnotes":""},"class_list":["post-266","page","type-page","status-publish","hentry"],"jetpack_sharing_enabled":true,"jetpack-related-posts":[],"_links":{"self":[{"href":"https:\/\/nancolekkerkerker.nl\/index.php?rest_route=\/wp\/v2\/pages\/266","targetHints":{"allow":["GET"]}}],"collection":[{"href":"https:\/\/nancolekkerkerker.nl\/index.php?rest_route=\/wp\/v2\/pages"}],"about":[{"href":"https:\/\/nancolekkerkerker.nl\/index.php?rest_route=\/wp\/v2\/types\/page"}],"author":[{"embeddable":true,"href":"https:\/\/nancolekkerkerker.nl\/index.php?rest_route=\/wp\/v2\/users\/1"}],"replies":[{"embeddable":true,"href":"https:\/\/nancolekkerkerker.nl\/index.php?rest_route=%2Fwp%2Fv2%2Fcomments&post=266"}],"version-history":[{"count":78,"href":"https:\/\/nancolekkerkerker.nl\/index.php?rest_route=\/wp\/v2\/pages\/266\/revisions"}],"predecessor-version":[{"id":3960,"href":"https:\/\/nancolekkerkerker.nl\/index.php?rest_route=\/wp\/v2\/pages\/266\/revisions\/3960"}],"wp:attachment":[{"href":"https:\/\/nancolekkerkerker.nl\/index.php?rest_route=%2Fwp%2Fv2%2Fmedia&parent=266"}],"curies":[{"name":"wp","href":"https:\/\/api.w.org\/{rel}","templated":true}]}}