{"id":1347,"date":"2024-07-11T03:17:55","date_gmt":"2024-07-11T03:17:55","guid":{"rendered":"https:\/\/nancolekkerkerker.nl\/?page_id=1347"},"modified":"2024-09-05T02:06:12","modified_gmt":"2024-09-05T02:06:12","slug":"rubin","status":"publish","type":"page","link":"https:\/\/nancolekkerkerker.nl\/?page_id=1347","title":{"rendered":"R\u00fabin fr\u00e1 \u00c1lfsengi"},"content":{"rendered":"\n<p class=\"has-heading-font-family\"><strong>R\u00fabin fr\u00e1 \u00c1lfsengi (6 mei 1991) werd geboren in Panheel. Na een periode van (te) lang wachten, begon deze robijn in het Limburgse land. Zijn eerste dagen versleet hij min of meer als een soort IJslands Saddlebred, zolang waren zijn benen.<\/strong><br><strong>Opvallend aan deze hengst was zijn niet aflatende drang om te spelen. Samen met een oude ruin &#8216;Opa&#8217; speelden ze soms wel uren achter elkaar. Uiteindelijk is dit waarschijnlijk ook de aanleiding geweest voor zijn vroegtijdig afscheid. Op een middag vonden we R\u00fabin helaas met een gebroken nek aan de verkeerde zijde van de afrastering.<\/strong><\/p>\n\n\n\n<p class=\"has-heading-font-family\"><strong>Vader: Nj\u00e1ll fr\u00e1 Skardi \/ Moeder: <a href=\"https:\/\/nancolekkerkerker.nl\/?page_id=263\" data-type=\"page\" data-id=\"263\">Hatta von Hochwaldhof<\/a><\/strong><\/p>\n\n\n\n<div class=\"wp-block-buttons is-content-justification-center is-layout-flex wp-container-core-buttons-is-layout-a89b3969 wp-block-buttons-is-layout-flex\">\n<div class=\"wp-block-button\"><a class=\"wp-block-button__link wp-element-button\" href=\"http:\/\/Nancolekkerkerker.nl\">Naar homepage<\/a><\/div>\n<\/div>\n","protected":false},"excerpt":{"rendered":"<p>R\u00fabin fr\u00e1 \u00c1lfsengi (6 mei 1991) werd geboren in Panheel. Na een periode van (te) lang wachten, begon deze robijn in het Limburgse land. Zijn eerste dagen versleet hij min of meer als een soort IJslands Saddlebred, zolang waren zijn benen.Opvallend aan deze hengst was zijn niet aflatende drang om te spelen. Samen met een [&hellip;]<\/p>\n","protected":false},"author":1,"featured_media":1314,"parent":0,"menu_order":0,"comment_status":"closed","ping_status":"closed","template":"","meta":{"footnotes":""},"class_list":["post-1347","page","type-page","status-publish","has-post-thumbnail","hentry"],"jetpack_sharing_enabled":true,"jetpack-related-posts":[],"_links":{"self":[{"href":"https:\/\/nancolekkerkerker.nl\/index.php?rest_route=\/wp\/v2\/pages\/1347","targetHints":{"allow":["GET"]}}],"collection":[{"href":"https:\/\/nancolekkerkerker.nl\/index.php?rest_route=\/wp\/v2\/pages"}],"about":[{"href":"https:\/\/nancolekkerkerker.nl\/index.php?rest_route=\/wp\/v2\/types\/page"}],"author":[{"embeddable":true,"href":"https:\/\/nancolekkerkerker.nl\/index.php?rest_route=\/wp\/v2\/users\/1"}],"replies":[{"embeddable":true,"href":"https:\/\/nancolekkerkerker.nl\/index.php?rest_route=%2Fwp%2Fv2%2Fcomments&post=1347"}],"version-history":[{"count":6,"href":"https:\/\/nancolekkerkerker.nl\/index.php?rest_route=\/wp\/v2\/pages\/1347\/revisions"}],"predecessor-version":[{"id":1611,"href":"https:\/\/nancolekkerkerker.nl\/index.php?rest_route=\/wp\/v2\/pages\/1347\/revisions\/1611"}],"wp:featuredmedia":[{"embeddable":true,"href":"https:\/\/nancolekkerkerker.nl\/index.php?rest_route=\/wp\/v2\/media\/1314"}],"wp:attachment":[{"href":"https:\/\/nancolekkerkerker.nl\/index.php?rest_route=%2Fwp%2Fv2%2Fmedia&parent=1347"}],"curies":[{"name":"wp","href":"https:\/\/api.w.org\/{rel}","templated":true}]}}