{"id":1055,"date":"2024-06-20T01:09:31","date_gmt":"2024-06-20T01:09:31","guid":{"rendered":"http:\/\/nancolekkerkerker.nl\/?page_id=1055"},"modified":"2025-12-29T16:22:36","modified_gmt":"2025-12-29T16:22:36","slug":"2018-2","status":"publish","type":"page","link":"https:\/\/nancolekkerkerker.nl\/?page_id=1055","title":{"rendered":"2018"},"content":{"rendered":"\n<p class=\"has-heading-font-family\"><strong>Hier zullen ongetwijfeld belevenissen van 2018 komen te staan. Nu nog even tijd vinden om zaken te vullen.<\/strong><\/p>\n\n\n\n<p class=\"has-heading-font-family\"><strong>Een van de dingen die natuurlijk in mijn geheugen gegrift staat, is het verlies van Gandur. Veel te vroeg, hoort er echter helaas bij. Een open botbreuk van een achterbeen betekende een voortijdig afscheid. Waarschijnlijk wel gebeurt bij \u00e9\u00e9n van de bezigheden die deze bijzondere man het liefste deed, en dat was een potje ravotten met zijn maat F\u00e1fnir op de wei.<\/strong><\/p>\n\n\n\n<p>Een ander bijzonder moment was natuurlijk de geboorte van Gaefa (NL2018230162) &#8211; dochter van Ari fr\u00e1 \u00c1rbakka en Valdis van &#8217;t Slingerbos<\/p>\n\n\n\n<figure class=\"wp-block-image size-full\"><img data-recalc-dims=\"1\" loading=\"lazy\" decoding=\"async\" width=\"700\" height=\"1058\" src=\"https:\/\/i0.wp.com\/nancolekkerkerker.nl\/wp-content\/uploads\/2025\/12\/Gaefaw.jpg?resize=700%2C1058&#038;ssl=1\" alt=\"\" class=\"wp-image-3850\" srcset=\"https:\/\/i0.wp.com\/nancolekkerkerker.nl\/wp-content\/uploads\/2025\/12\/Gaefaw.jpg?w=700&amp;ssl=1 700w, https:\/\/i0.wp.com\/nancolekkerkerker.nl\/wp-content\/uploads\/2025\/12\/Gaefaw.jpg?resize=397%2C600&amp;ssl=1 397w\" sizes=\"auto, (max-width: 700px) 100vw, 700px\" \/><\/figure>\n\n\n\n<div class=\"wp-block-columns is-layout-flex wp-container-core-columns-is-layout-28f84493 wp-block-columns-is-layout-flex\">\n<div class=\"wp-block-column is-layout-flow wp-block-column-is-layout-flow\">\n<div class=\"wp-block-columns is-layout-flex wp-container-core-columns-is-layout-28f84493 wp-block-columns-is-layout-flex\">\n<div class=\"wp-block-column is-layout-flow wp-block-column-is-layout-flow\">\n<figure class=\"wp-block-image size-full\"><img data-recalc-dims=\"1\" loading=\"lazy\" decoding=\"async\" width=\"700\" height=\"394\" src=\"https:\/\/i0.wp.com\/nancolekkerkerker.nl\/wp-content\/uploads\/2025\/12\/Gaefa1w.jpg?resize=700%2C394&#038;ssl=1\" alt=\"\" class=\"wp-image-3851\" srcset=\"https:\/\/i0.wp.com\/nancolekkerkerker.nl\/wp-content\/uploads\/2025\/12\/Gaefa1w.jpg?w=700&amp;ssl=1 700w, https:\/\/i0.wp.com\/nancolekkerkerker.nl\/wp-content\/uploads\/2025\/12\/Gaefa1w.jpg?resize=600%2C338&amp;ssl=1 600w\" sizes=\"auto, (max-width: 700px) 100vw, 700px\" \/><\/figure>\n<\/div>\n<\/div>\n<\/div>\n<\/div>\n\n\n\n<div class=\"wp-block-buttons is-content-justification-center is-layout-flex wp-container-core-buttons-is-layout-a89b3969 wp-block-buttons-is-layout-flex\">\n<div class=\"wp-block-button\"><a class=\"wp-block-button__link wp-element-button\" href=\"https:\/\/nancolekkerkerker.nl\/?page_id=1058\">2017<\/a><\/div>\n\n\n\n<div class=\"wp-block-button\"><a class=\"wp-block-button__link wp-element-button\" href=\"https:\/\/nancolekkerkerker.nl\">Naar homepage<\/a><\/div>\n\n\n\n<div class=\"wp-block-button\"><a class=\"wp-block-button__link wp-element-button\" href=\"https:\/\/nancolekkerkerker.nl\/?page_id=273\">2019<\/a><\/div>\n<\/div>\n","protected":false},"excerpt":{"rendered":"<p>Hier zullen ongetwijfeld belevenissen van 2018 komen te staan. Nu nog even tijd vinden om zaken te vullen. Een van de dingen die natuurlijk in mijn geheugen gegrift staat, is het verlies van Gandur. Veel te vroeg, hoort er echter helaas bij. Een open botbreuk van een achterbeen betekende een voortijdig afscheid. Waarschijnlijk wel gebeurt [&hellip;]<\/p>\n","protected":false},"author":1,"featured_media":3200,"parent":0,"menu_order":0,"comment_status":"closed","ping_status":"closed","template":"","meta":{"footnotes":""},"class_list":["post-1055","page","type-page","status-publish","has-post-thumbnail","hentry"],"jetpack_sharing_enabled":true,"jetpack-related-posts":[],"_links":{"self":[{"href":"https:\/\/nancolekkerkerker.nl\/index.php?rest_route=\/wp\/v2\/pages\/1055","targetHints":{"allow":["GET"]}}],"collection":[{"href":"https:\/\/nancolekkerkerker.nl\/index.php?rest_route=\/wp\/v2\/pages"}],"about":[{"href":"https:\/\/nancolekkerkerker.nl\/index.php?rest_route=\/wp\/v2\/types\/page"}],"author":[{"embeddable":true,"href":"https:\/\/nancolekkerkerker.nl\/index.php?rest_route=\/wp\/v2\/users\/1"}],"replies":[{"embeddable":true,"href":"https:\/\/nancolekkerkerker.nl\/index.php?rest_route=%2Fwp%2Fv2%2Fcomments&post=1055"}],"version-history":[{"count":11,"href":"https:\/\/nancolekkerkerker.nl\/index.php?rest_route=\/wp\/v2\/pages\/1055\/revisions"}],"predecessor-version":[{"id":3854,"href":"https:\/\/nancolekkerkerker.nl\/index.php?rest_route=\/wp\/v2\/pages\/1055\/revisions\/3854"}],"wp:featuredmedia":[{"embeddable":true,"href":"https:\/\/nancolekkerkerker.nl\/index.php?rest_route=\/wp\/v2\/media\/3200"}],"wp:attachment":[{"href":"https:\/\/nancolekkerkerker.nl\/index.php?rest_route=%2Fwp%2Fv2%2Fmedia&parent=1055"}],"curies":[{"name":"wp","href":"https:\/\/api.w.org\/{rel}","templated":true}]}}